{"id":2115,"date":"2021-08-19T17:47:06","date_gmt":"2021-08-19T14:47:06","guid":{"rendered":"https:\/\/shop.creativitycatcher.com\/?page_id=2115"},"modified":"2021-08-19T17:47:06","modified_gmt":"2021-08-19T14:47:06","slug":"privacy-policy","status":"publish","type":"page","link":"https:\/\/shop.creativitycatcher.com\/en\/privacy-policy\/","title":{"rendered":"Privacy Policy"},"content":{"rendered":"<div class=\"container section-title-container\" ><h1 class=\"section-title section-title-center\"><b aria-hidden=\"true\"><\/b><span class=\"section-title-main\" >Privaatsustingimused<\/span><b aria-hidden=\"true\"><\/b><\/h1><\/div>\n<p>Privaatsustingimused reguleerivad isikuandmete t\u00f6\u00f6tlemist ja k\u00fcpsiste kasutamist Creativity Catcher veebilehel <a href=\"https:\/\/shop.creativitycatcher.com\" target=\"_blank\" rel=\"noopener noreferrer\">shop.creativitycatcher.com<\/a> (edaspidi veebileht). Privaatsustingimused on koosk\u00f5las andmekaitse \u00fcldregulatsiooniga (GDPR \u2013 General Data Protection Regulation).<\/p>\n<p>Privaatsustingimuste eesm\u00e4rk on kaitsta klientide privaatsust koosk\u00f5las Eesti Vabariigi seaduste ning Euroopa Liidu \u00f5igusaktidega.<\/p>\n<p><strong>Kasutades veebilehte, n\u00f5ustute k\u00fcpsiste kasutamisega ja isikuandmete t\u00f6\u00f6tlemise tingimustega nagu on kirjeldatud veebilehe privaatsustingimustes.<\/strong><\/p>\n<h3>M\u00f5isted<\/h3>\n<p><strong>Kasutajad<\/strong> on k\u00f5ik isikud, kes k\u00fclastavad veebilehte, soetavad tooteid v\u00f5i edastavad Creativity Catcherile omalt poolt infot. N\u00e4iteks liitumisel uudiskirjaga.<\/p>\n<p><strong>Tooted<\/strong> on k\u00f5ik veebilehel pakutavad tooted ja teenused.<\/p>\n<h3>Isikuandmete t\u00f6\u00f6tlemine<\/h3>\n<p>Creativity Catcher on isikuandmete vastutav t\u00f6\u00f6tleja.<\/p>\n<p>Creativity Catcher kogub veebilehe kaudu allj\u00e4rgnevaid kasutajate isikuandmeid:<\/p>\n<ul>\n<li>e-posti aadress, ees- ja perekonnanimi ning ettev\u00f5tte nimi (valikuline) &#8211; toote ostu vormistamisel;<\/li>\n<li>e-posti aadress, ees- ja perekonnanimi &#8211; uudiskirjaga liitumisel.<\/li>\n<\/ul>\n<p>Maksete teostamiseks edastame vajalikud isikuandmed volitatud t\u00f6\u00f6tleja Maksekeskus AS-le.<\/p>\n<h3>Isikuandmete kasutamine<\/h3>\n<p>Creativity Catcher kasutab isikuandmeid:<\/p>\n<ul>\n<li>kasutajale <strong>teenuse osutamiseks<\/strong>, n\u00e4iteks kasutajaga suhtlemiseks, ostu vormistamiseks ja pakkumiste tegemiseks.<\/li>\n<\/ul>\n<p>Kasutajal on igal ajal \u00f5igus keelata oma isikuandmete t\u00f6\u00f6tlemine, v\u00e4lja arvatud juhul, kui see on vajalik lepingust tuleneva n\u00f5ude t\u00e4itmiseks, sh teenuse osutamiseks.<\/p>\n<h3>Isikuandmete edastamine kolmandatele isikutele<\/h3>\n<p>Uudiskirjaga liitunute kontakte hallatakse Mailchimpi keskkonnas. Kasutajal on v\u00f5imalus igal hetkel uudiskirjade saamisest loobuda, kasutades linki kirja l\u00f5pus.<\/p>\n<h3>Isikuandmete s\u00e4ilitamine ja turvalisus<\/h3>\n<p>Creativity Catcher s\u00e4ilitab isikuandmeid nii kaua, kuni see on eesm\u00e4rgi t\u00e4itmiseks v\u00f5i seadusest tulenevalt vajalik.<\/p>\n<p>Creativity Catcher rakendab k\u00f5iki m\u00f5istlikke meetmeid t\u00f6\u00f6deldavate isikuandmete kaitseks. Juurdep\u00e4\u00e4s isikuandmete muutmiseks ja t\u00f6\u00f6tlemiseks on ainult selleks volitatud isikutel ning k\u00f5ikide kasutajate isikuandmeid k\u00e4sitletakse kui konfidentsiaalset informatsiooni.<\/p>\n<div id=\"kupsised\"><\/div>\n<h3>Kasutaja \u00f5igused<\/h3>\n<p>Kasutaja saab oma isikuandmetega tutvuda ja teha parandusi veebilehe kasutajaprofiilis.<br \/>\nKasutajal on \u00f5igus igal ajal palunda oma isikuandmete kustutamist.<br \/>\nOma \u00f5iguste kasutamiseks tuleb kasutajal saata e-posti aadressile &#x6b;a&#x74;&#105;&#x40;&#107;a&#x74;&#105;&#x6e;&#103;&#46;&#x65;&#101; vastavasisuline sooviavaldus.<\/p>\n<p>Kui Kasutaja usub, et tema \u00f5igusi on isikuandmete t\u00f6\u00f6tlemisel rikutud, on tal \u00f5igus p\u00f6\u00f6rduda Andmekaitse Inspektsiooni poole.<\/p>\n<h3>K\u00fcpsised<\/h3>\n<p>Creativity Catcher veebilehel kasutatakse k\u00fcpsiseid, eesm\u00e4rgiga tagada parem kasutajakogemus ja efektiivsem turundustegevus ning koguda kasutusstatistikat.<\/p>\n<p>Kasutades Creativity Catcher veebilehte, n\u00f5ustub kasutaja k\u00fcpsiste kasutamisega k\u00e4esolevas korras kirjeldatud viisil.<\/p>\n<p>K\u00fcpsis on v\u00e4ike tekstifail, mille veebilehitseja automaatselt kasutaja poolt kasutatavasse seadmesse salvestab. K\u00fcpsised v\u00f5ivad olla loodud erinevate teenusepakkujate poolt, n\u00e4iteks Google ja Facebook. K\u00fcpsisefailid ei ole arvuti jaoks ohtlikud.<\/p>\n<p>K\u00fcpsiseid on kahte t\u00fc\u00fcpi:<\/p>\n<p>P\u00fcsivaid k\u00fcpsiseid, mis j\u00e4\u00e4vad kasutaja arvutis olevasse k\u00fcpsiste faili p\u00fcsivalt. Neid v\u00f5idakse kasutada n\u00e4iteks kasutaja kui veebilehe korduvk\u00fclastaja \u00e4ratundmiseks ja veebilehe sisu kohandamiseks vastavalt kasutaja vajadustele v\u00f5i statistiliste andmete kogumiseks.<br \/>\nSeansik\u00fcpsised on ajutised ja kaovad, kui kasutaja veebilehelt lahkub v\u00f5i oma veebilehitseja sulgeb. Seansik\u00fcpsiseid v\u00f5idakse kasutada veebilehe teatud funktsioonide, n\u00e4iteks teenuse v\u00f5i toote taotlemise jms v\u00f5imaldamiseks.<br \/>\nK\u00fcpsiseid kasutatakse teabe kogumiseks selle kohta, kuidas veebilehte kasutatakse, et seda kasutajatele isiklikumaks ja kasutajas\u00f5bralikumaks muuta. Lisaks aitavad k\u00fcpsised koguda kasutajastatistikat, mis v\u00f5imaldab m\u00f5\u00f5ta ja parandada veebilehe toimivust ning annab alusandmed, et viia l\u00e4bi efektiivne turundustegevus.<\/p>\n<p>Kasutaja loetakse k\u00fcpsistega n\u00f5ustunuks, kui tema veebilehitseja seadistustes on k\u00fcpsised lubatud. Tihtipeale veebilehitsejad lubavad vaikimisi k\u00fcpsisefailide s\u00e4ilitamist seadmesse. Kasutaja v\u00f5ib oma seadmes k\u00fcpsiste kasutamise \u00e4ra keelata v\u00f5i need kustutada, muutes oma veebilehitseja vastavaid seadeid. K\u00fcpsiste mittekasutamisel ei pruugi veebileht korrektselt t\u00f6\u00f6tada. Juhiseid veebilehitsejast k\u00fcpsiste kustutamiseks ja seadistamiseks leiab n\u00e4iteks siit:<\/p>\n<ul>\n<li><a href=\"https:\/\/support.google.com\/chrome\/answer\/95647\" target=\"_blank\" rel=\"noopener noreferrer\">Chrome<\/a><\/li>\n<li><a href=\"https:\/\/support.microsoft.com\/en-us\/help\/278835\/how-to-delete-cookie-files-in-internet-explorer\" target=\"_blank\" rel=\"noopener noreferrer\">Internet Explorer<\/a><\/li>\n<li><a href=\"http:\/\/support.mozilla.org\/en-US\/kb\/Clear%20Recent%20History\" target=\"_blank\" rel=\"noopener noreferrer\">Firefox<\/a><\/li>\n<li><a href=\"https:\/\/www.opera.com\/help\/tutorials\/security\/privacy\/\" target=\"_blank\" rel=\"noopener noreferrer\">Opera<\/a><\/li>\n<li><a href=\"https:\/\/support.apple.com\/guide\/safari\/manage-cookies-and-website-data-sfri11471\/mac\" target=\"_blank\" rel=\"noopener noreferrer\">Safari<\/a><\/li>\n<\/ul>\n<p><strong>Kolmandate osapoolte k\u00fcpsised<\/strong> \u2013 k\u00fclastamise statistikast \u00fclevaate saamiseks kasutatakse Creativity Catcher veebilehel kolmanda osapoole teenust, Google Analytics. Veebilehel n\u00e4idavate videode jaoks kasutatakse Youtube teenust. Nimetatud teenusepakkuja poolt kasutatavatele k\u00fcpsistele meil ligip\u00e4\u00e4su ei ole ja neid me hallata ei saa. Kirjelduse nimetatud k\u00fcpsiste kasutamise kohta leiate teenusepakkuja privaatsuspoliitikas, millega soovitame Teil tutvuda, minnes kolmanda osapoole vastavale kodulehele.<\/p>\n<h3>Privaatsustingimuste muutmine<\/h3>\n<p>Creativity Catcher j\u00e4tab endale \u00f5iguse muuta privaatsustingimusi \u00fchepoolselt ja ette teatamata, eesm\u00e4rgiga kindlustada nende vastavus seadustele. Privaatsustingimused on oma uusimas versioonis alati veebilehel saadaval.<\/p>\n<p>K\u00f5igi privaatsustingimuste ja andmet\u00f6\u00f6tluse kohta tekkivate k\u00fcsimustega palume v\u00f5tta \u00fchendust aadressil &#x6b;a&#x74;&#105;&#x40;&#107;a&#x74;&#105;&#x6e;&#103;&#46;&#x65;&#101;.<\/p>\n","protected":false},"excerpt":{"rendered":"<p>Privaatsustingimused reguleerivad isikuandmete t\u00f6\u00f6tlemist ja k\u00fcpsiste kasutamist Creativity Catcher veebilehel shop.creativitycatcher.com (edaspidi veebileht). Privaatsustingimused on koosk\u00f5las andmekaitse \u00fcldregulatsiooniga (GDPR \u2013 General Data Protection Regulation). Privaatsustingimuste eesm\u00e4rk on kaitsta klientide privaatsust koosk\u00f5las Eesti Vabariigi seaduste ning Euroopa Liidu \u00f5igusaktidega. Kasutades veebilehte, n\u00f5ustute k\u00fcpsiste kasutamisega ja isikuandmete t\u00f6\u00f6tlemise tingimustega nagu on kirjeldatud veebilehe privaatsustingimustes. M\u00f5isted Kasutajad on [&#8230;]\n","protected":false},"author":1,"featured_media":0,"parent":0,"menu_order":0,"comment_status":"closed","ping_status":"open","template":"","meta":{"_acf_changed":false,"footnotes":""},"class_list":["post-2115","page","type-page","status-publish","hentry"],"acf":[],"yoast_head":"<!-- This site is optimized with the Yoast SEO plugin v27.4 - https:\/\/yoast.com\/product\/yoast-seo-wordpress\/ -->\n<title>Privacy Policy - Creativity Catcher Shop<\/title>\n<meta name=\"robots\" content=\"index, follow, max-snippet:-1, max-image-preview:large, max-video-preview:-1\" \/>\n<link rel=\"canonical\" href=\"https:\/\/shop.creativitycatcher.com\/en\/privacy-policy\/\" \/>\n<meta property=\"og:locale\" content=\"en_US\" \/>\n<meta property=\"og:type\" content=\"article\" \/>\n<meta property=\"og:title\" content=\"Privacy Policy - Creativity Catcher Shop\" \/>\n<meta property=\"og:description\" content=\"Privaatsustingimused reguleerivad isikuandmete t\u00f6\u00f6tlemist ja k\u00fcpsiste kasutamist Creativity Catcher veebilehel shop.creativitycatcher.com (edaspidi veebileht). Privaatsustingimused on koosk\u00f5las andmekaitse \u00fcldregulatsiooniga (GDPR \u2013 General Data Protection Regulation). Privaatsustingimuste eesm\u00e4rk on kaitsta klientide privaatsust koosk\u00f5las Eesti Vabariigi seaduste ning Euroopa Liidu \u00f5igusaktidega. Kasutades veebilehte, n\u00f5ustute k\u00fcpsiste kasutamisega ja isikuandmete t\u00f6\u00f6tlemise tingimustega nagu on kirjeldatud veebilehe privaatsustingimustes. M\u00f5isted Kasutajad on [...]\" \/>\n<meta property=\"og:url\" content=\"https:\/\/shop.creativitycatcher.com\/en\/privacy-policy\/\" \/>\n<meta property=\"og:site_name\" content=\"Creativity Catcher Shop\" \/>\n<meta property=\"article:publisher\" content=\"https:\/\/www.facebook.com\/CreativityCatcher\" \/>\n<meta property=\"og:image\" content=\"https:\/\/shop.creativitycatcher.com\/wp-content\/uploads\/2021\/10\/creativity-catcher-fb-cover-211019.jpg\" \/>\n\t<meta property=\"og:image:width\" content=\"1200\" \/>\n\t<meta property=\"og:image:height\" content=\"630\" \/>\n\t<meta property=\"og:image:type\" content=\"image\/jpeg\" \/>\n<meta name=\"twitter:card\" content=\"summary_large_image\" \/>\n<meta name=\"twitter:label1\" content=\"Est. reading time\" \/>\n\t<meta name=\"twitter:data1\" content=\"3 minutes\" \/>\n<script type=\"application\/ld+json\" class=\"yoast-schema-graph\">{\"@context\":\"https:\\\/\\\/schema.org\",\"@graph\":[{\"@type\":\"WebPage\",\"@id\":\"https:\\\/\\\/shop.creativitycatcher.com\\\/en\\\/privacy-policy\\\/\",\"url\":\"https:\\\/\\\/shop.creativitycatcher.com\\\/en\\\/privacy-policy\\\/\",\"name\":\"Privacy Policy - Creativity Catcher Shop\",\"isPartOf\":{\"@id\":\"https:\\\/\\\/shop.creativitycatcher.com\\\/en\\\/#website\"},\"datePublished\":\"2021-08-19T14:47:06+00:00\",\"breadcrumb\":{\"@id\":\"https:\\\/\\\/shop.creativitycatcher.com\\\/en\\\/privacy-policy\\\/#breadcrumb\"},\"inLanguage\":\"en-US\",\"potentialAction\":[{\"@type\":\"ReadAction\",\"target\":[\"https:\\\/\\\/shop.creativitycatcher.com\\\/en\\\/privacy-policy\\\/\"]}]},{\"@type\":\"BreadcrumbList\",\"@id\":\"https:\\\/\\\/shop.creativitycatcher.com\\\/en\\\/privacy-policy\\\/#breadcrumb\",\"itemListElement\":[{\"@type\":\"ListItem\",\"position\":1,\"name\":\"Home\",\"item\":\"https:\\\/\\\/shop.creativitycatcher.com\\\/en\\\/\"},{\"@type\":\"ListItem\",\"position\":2,\"name\":\"Privacy Policy\"}]},{\"@type\":\"WebSite\",\"@id\":\"https:\\\/\\\/shop.creativitycatcher.com\\\/en\\\/#website\",\"url\":\"https:\\\/\\\/shop.creativitycatcher.com\\\/en\\\/\",\"name\":\"Creativity Catcher Shop\",\"description\":\"Inspireerivad visualiseerimise materjalid\",\"potentialAction\":[{\"@type\":\"SearchAction\",\"target\":{\"@type\":\"EntryPoint\",\"urlTemplate\":\"https:\\\/\\\/shop.creativitycatcher.com\\\/en\\\/?s={search_term_string}\"},\"query-input\":{\"@type\":\"PropertyValueSpecification\",\"valueRequired\":true,\"valueName\":\"search_term_string\"}}],\"inLanguage\":\"en-US\"}]}<\/script>\n<!-- \/ Yoast SEO plugin. -->","yoast_head_json":{"title":"Privacy Policy - Creativity Catcher Shop","robots":{"index":"index","follow":"follow","max-snippet":"max-snippet:-1","max-image-preview":"max-image-preview:large","max-video-preview":"max-video-preview:-1"},"canonical":"https:\/\/shop.creativitycatcher.com\/en\/privacy-policy\/","og_locale":"en_US","og_type":"article","og_title":"Privacy Policy - Creativity Catcher Shop","og_description":"Privaatsustingimused reguleerivad isikuandmete t\u00f6\u00f6tlemist ja k\u00fcpsiste kasutamist Creativity Catcher veebilehel shop.creativitycatcher.com (edaspidi veebileht). Privaatsustingimused on koosk\u00f5las andmekaitse \u00fcldregulatsiooniga (GDPR \u2013 General Data Protection Regulation). Privaatsustingimuste eesm\u00e4rk on kaitsta klientide privaatsust koosk\u00f5las Eesti Vabariigi seaduste ning Euroopa Liidu \u00f5igusaktidega. Kasutades veebilehte, n\u00f5ustute k\u00fcpsiste kasutamisega ja isikuandmete t\u00f6\u00f6tlemise tingimustega nagu on kirjeldatud veebilehe privaatsustingimustes. M\u00f5isted Kasutajad on [...]","og_url":"https:\/\/shop.creativitycatcher.com\/en\/privacy-policy\/","og_site_name":"Creativity Catcher Shop","article_publisher":"https:\/\/www.facebook.com\/CreativityCatcher","og_image":[{"width":1200,"height":630,"url":"https:\/\/shop.creativitycatcher.com\/wp-content\/uploads\/2021\/10\/creativity-catcher-fb-cover-211019.jpg","type":"image\/jpeg"}],"twitter_card":"summary_large_image","twitter_misc":{"Est. reading time":"3 minutes"},"schema":{"@context":"https:\/\/schema.org","@graph":[{"@type":"WebPage","@id":"https:\/\/shop.creativitycatcher.com\/en\/privacy-policy\/","url":"https:\/\/shop.creativitycatcher.com\/en\/privacy-policy\/","name":"Privacy Policy - Creativity Catcher Shop","isPartOf":{"@id":"https:\/\/shop.creativitycatcher.com\/en\/#website"},"datePublished":"2021-08-19T14:47:06+00:00","breadcrumb":{"@id":"https:\/\/shop.creativitycatcher.com\/en\/privacy-policy\/#breadcrumb"},"inLanguage":"en-US","potentialAction":[{"@type":"ReadAction","target":["https:\/\/shop.creativitycatcher.com\/en\/privacy-policy\/"]}]},{"@type":"BreadcrumbList","@id":"https:\/\/shop.creativitycatcher.com\/en\/privacy-policy\/#breadcrumb","itemListElement":[{"@type":"ListItem","position":1,"name":"Home","item":"https:\/\/shop.creativitycatcher.com\/en\/"},{"@type":"ListItem","position":2,"name":"Privacy Policy"}]},{"@type":"WebSite","@id":"https:\/\/shop.creativitycatcher.com\/en\/#website","url":"https:\/\/shop.creativitycatcher.com\/en\/","name":"Creativity Catcher Shop","description":"Inspireerivad visualiseerimise materjalid","potentialAction":[{"@type":"SearchAction","target":{"@type":"EntryPoint","urlTemplate":"https:\/\/shop.creativitycatcher.com\/en\/?s={search_term_string}"},"query-input":{"@type":"PropertyValueSpecification","valueRequired":true,"valueName":"search_term_string"}}],"inLanguage":"en-US"}]}},"_links":{"self":[{"href":"https:\/\/shop.creativitycatcher.com\/en\/wp-json\/wp\/v2\/pages\/2115","targetHints":{"allow":["GET"]}}],"collection":[{"href":"https:\/\/shop.creativitycatcher.com\/en\/wp-json\/wp\/v2\/pages"}],"about":[{"href":"https:\/\/shop.creativitycatcher.com\/en\/wp-json\/wp\/v2\/types\/page"}],"author":[{"embeddable":true,"href":"https:\/\/shop.creativitycatcher.com\/en\/wp-json\/wp\/v2\/users\/1"}],"replies":[{"embeddable":true,"href":"https:\/\/shop.creativitycatcher.com\/en\/wp-json\/wp\/v2\/comments?post=2115"}],"version-history":[{"count":1,"href":"https:\/\/shop.creativitycatcher.com\/en\/wp-json\/wp\/v2\/pages\/2115\/revisions"}],"predecessor-version":[{"id":2116,"href":"https:\/\/shop.creativitycatcher.com\/en\/wp-json\/wp\/v2\/pages\/2115\/revisions\/2116"}],"wp:attachment":[{"href":"https:\/\/shop.creativitycatcher.com\/en\/wp-json\/wp\/v2\/media?parent=2115"}],"curies":[{"name":"wp","href":"https:\/\/api.w.org\/{rel}","templated":true}]}}