{"id":2111,"date":"2021-08-19T17:37:22","date_gmt":"2021-08-19T14:37:22","guid":{"rendered":"https:\/\/shop.creativitycatcher.com\/?page_id=2111"},"modified":"2021-08-19T17:46:31","modified_gmt":"2021-08-19T14:46:31","slug":"terms-and-conditions","status":"publish","type":"page","link":"https:\/\/shop.creativitycatcher.com\/en\/terms-and-conditions\/","title":{"rendered":"Terms and conditions"},"content":{"rendered":"<div class=\"container section-title-container\" ><h1 class=\"section-title section-title-center\"><b aria-hidden=\"true\"><\/b><span class=\"section-title-main\" >M\u00fc\u00fcgitingimused<\/span><b aria-hidden=\"true\"><\/b><\/h1><\/div>\n<p>\u00dcldised m\u00fc\u00fcgitingimused<\/p>\n<p>1.1 M\u00fc\u00fcgitingimused kehtivad shop.creativitycatcher.com veebipoes ostja (edaspidi Ostja) ning ettev\u00f5tte Creativity Catcher O\u00dc (edaspidi Veebipood) vahel kaupade ja teenuste ostmisel.<\/p>\n<p>1.2 Lisaks k\u00e4esoleval lehel kirjas olevatele tingimustele reguleerib Ostja ja Veebipoe vahelisi suhteid Eesti Vabariigis kehtiv V\u00f5la\u00f5igusseadus (edaspidi V\u00d5S), Tarbijakaitseseadus (edaspidi TKS) ja teised olulised \u00f5igusaktid.<\/p>\n<p>1.3 Veebipood on isikuandmete vastutav t\u00f6\u00f6tleja, Veebipood edastab maksete teostamiseks vajalikud isikuandmed volitatud t\u00f6\u00f6tleja Maksekeskus AS-le.<\/p>\n<p>1.4 Veebipoel on \u00f5igus teha m\u00fc\u00fcgitingimustes muudatusi.<\/p>\n<p>Hinnainfo<\/p>\n<p>2.1 K\u00f5ik Veebipoes toodud hinnad on eurodes. Hinnad ei sisalda k\u00e4ibemaksu.<\/p>\n<p>2.2 Ostetud digitoodete ligip\u00e4\u00e4sud edastatakse e-posti teel ning kohaletoomisega seotud tasud puuduvad.<\/p>\n<p>2.3 Veebipoes f\u00fc\u00fcsilisi tooteid ei pakuta.<\/p>\n<p>Tellimuse vormistamine<\/p>\n<p>3.1 Lisage tooted ostukorvi.<\/p>\n<p>3.2 Tellimuse vormistamiseks vajutage lingile \u201cVormista tellimus\u201d.<\/p>\n<p>3.3 Tellimuse l\u00f5plikuks vormistamiseks sisestage tellija andmed ning valige sobiv makseviis.<\/p>\n<p>3.3.1 Pangalinke pakub Maksekeskus AS (<a href=\"http:\/\/maksekeskus.ee\/\" target=\"_blank\" rel=\"noopener noreferrer\" data-saferedirecturl=\"https:\/\/www.google.com\/url?q=http:\/\/maksekeskus.ee&amp;source=gmail&amp;ust=1585053445496000&amp;usg=AFQjCNEXplSTsFXSBzJ3IvEoeJhnPHlfXA\">maksekeskus.ee<\/a>). Tellimuse t\u00e4itmine pangalingiga toimub automaatselt ning tellimuse info ja kaup j\u00f5uab Teie meiliaadressile m\u00f5ne minuti jooksul. Teie meiliaadressile saadetakse ka vastav ligip\u00e4\u00e4su konto, mille kaudu saab ligip\u00e4\u00e4su e-kursustele. Kui mingil p\u00f5hjusel vastavasisuline info ei j\u00f5ua Teie meiliaadressile, siis palun v\u00f5tta \u00fchendust kati&#64;kating&#46;ee.<\/p>\n<p>3.3.2 Arvega tasumisel t\u00e4idetakse tellimus p\u00e4rast makse laekumist.<\/p>\n<p>3.4 Kontrollige enne tellimuse l\u00f5plikku kinnitamist andmev\u00e4ljades oleva informatsiooni \u00f5igsust ning kontrollige \u00fcle ostukorvi sisu.<\/p>\n<p>Tagastamis\u00f5igus ja pretensioonide esitamise kord<\/p>\n<p>4.1 Ostjal on \u00f5igus p\u00f6\u00f6rduda pretensioonide lahendamiseks Veebipoe poole (&#x6b;&#x61;&#x74;&#x69;&#x40;&#x6b;&#x61;&#x74;&#x69;&#x6e;&#x67;&#x2e;&#x65;&#x65;).<\/p>\n<p>4.2 Kui Ostjal ei ole v\u00f5imalik osaleda \u00fcritusel, mille jaoks on ta pileti soetanud on v\u00f5imalik valida e-poest endale kompensatsiooniks asendustoode v\u00f5i v\u00e4hemalt 7 p\u00e4eva enne \u00fcritust etteteatamisel saada tagasi kuni 75% osalustasust.<\/p>\n<p>4.3 Kui Ostja ei ole rahul tellitud videokoolitusega, siis palun v\u00f5tta \u00fchendust &#107;&#x61;t&#105;&#x40;k&#97;&#x74;i&#110;&#x67;&#46;&#101;&#x65;, et valida kompensatsiooniks asendustoode.<\/p>\n<p>4.4 Lahendamata j\u00e4\u00e4nud pretensioonide puhul on Ostjal \u00f5igus p\u00f6\u00f6rduda Tarbijakaitseameti poole.<\/p>\n","protected":false},"excerpt":{"rendered":"<p>\u00dcldised m\u00fc\u00fcgitingimused 1.1 M\u00fc\u00fcgitingimused kehtivad shop.creativitycatcher.com veebipoes ostja (edaspidi Ostja) ning ettev\u00f5tte Creativity Catcher O\u00dc (edaspidi Veebipood) vahel kaupade ja teenuste ostmisel. 1.2 Lisaks k\u00e4esoleval lehel kirjas olevatele tingimustele reguleerib Ostja ja Veebipoe vahelisi suhteid Eesti Vabariigis kehtiv V\u00f5la\u00f5igusseadus (edaspidi V\u00d5S), Tarbijakaitseseadus (edaspidi TKS) ja teised olulised \u00f5igusaktid. 1.3 Veebipood on isikuandmete vastutav t\u00f6\u00f6tleja, Veebipood [&#8230;]\n","protected":false},"author":1,"featured_media":0,"parent":0,"menu_order":0,"comment_status":"closed","ping_status":"closed","template":"","meta":{"_acf_changed":false,"footnotes":""},"class_list":["post-2111","page","type-page","status-publish","hentry"],"acf":[],"yoast_head":"<!-- This site is optimized with the Yoast SEO plugin v27.4 - https:\/\/yoast.com\/product\/yoast-seo-wordpress\/ -->\n<title>Terms and conditions - Creativity Catcher Shop<\/title>\n<meta name=\"robots\" content=\"index, follow, max-snippet:-1, max-image-preview:large, max-video-preview:-1\" \/>\n<link rel=\"canonical\" href=\"https:\/\/shop.creativitycatcher.com\/en\/terms-and-conditions\/\" \/>\n<meta property=\"og:locale\" content=\"en_US\" \/>\n<meta property=\"og:type\" content=\"article\" \/>\n<meta property=\"og:title\" content=\"Terms and conditions - Creativity Catcher Shop\" \/>\n<meta property=\"og:description\" content=\"\u00dcldised m\u00fc\u00fcgitingimused 1.1 M\u00fc\u00fcgitingimused kehtivad shop.creativitycatcher.com veebipoes ostja (edaspidi Ostja) ning ettev\u00f5tte Creativity Catcher O\u00dc (edaspidi Veebipood) vahel kaupade ja teenuste ostmisel. 1.2 Lisaks k\u00e4esoleval lehel kirjas olevatele tingimustele reguleerib Ostja ja Veebipoe vahelisi suhteid Eesti Vabariigis kehtiv V\u00f5la\u00f5igusseadus (edaspidi V\u00d5S), Tarbijakaitseseadus (edaspidi TKS) ja teised olulised \u00f5igusaktid. 1.3 Veebipood on isikuandmete vastutav t\u00f6\u00f6tleja, Veebipood [...]\" \/>\n<meta property=\"og:url\" content=\"https:\/\/shop.creativitycatcher.com\/en\/terms-and-conditions\/\" \/>\n<meta property=\"og:site_name\" content=\"Creativity Catcher Shop\" \/>\n<meta property=\"article:publisher\" content=\"https:\/\/www.facebook.com\/CreativityCatcher\" \/>\n<meta property=\"article:modified_time\" content=\"2021-08-19T14:46:31+00:00\" \/>\n<meta property=\"og:image\" content=\"https:\/\/shop.creativitycatcher.com\/wp-content\/uploads\/2021\/10\/creativity-catcher-fb-cover-211019.jpg\" \/>\n\t<meta property=\"og:image:width\" content=\"1200\" \/>\n\t<meta property=\"og:image:height\" content=\"630\" \/>\n\t<meta property=\"og:image:type\" content=\"image\/jpeg\" \/>\n<meta name=\"twitter:card\" content=\"summary_large_image\" \/>\n<meta name=\"twitter:label1\" content=\"Est. reading time\" \/>\n\t<meta name=\"twitter:data1\" content=\"2 minutes\" \/>\n<script type=\"application\/ld+json\" class=\"yoast-schema-graph\">{\"@context\":\"https:\\\/\\\/schema.org\",\"@graph\":[{\"@type\":\"WebPage\",\"@id\":\"https:\\\/\\\/shop.creativitycatcher.com\\\/en\\\/terms-and-conditions\\\/\",\"url\":\"https:\\\/\\\/shop.creativitycatcher.com\\\/en\\\/terms-and-conditions\\\/\",\"name\":\"Terms and conditions - Creativity Catcher Shop\",\"isPartOf\":{\"@id\":\"https:\\\/\\\/shop.creativitycatcher.com\\\/en\\\/#website\"},\"datePublished\":\"2021-08-19T14:37:22+00:00\",\"dateModified\":\"2021-08-19T14:46:31+00:00\",\"breadcrumb\":{\"@id\":\"https:\\\/\\\/shop.creativitycatcher.com\\\/en\\\/terms-and-conditions\\\/#breadcrumb\"},\"inLanguage\":\"en-US\",\"potentialAction\":[{\"@type\":\"ReadAction\",\"target\":[\"https:\\\/\\\/shop.creativitycatcher.com\\\/en\\\/terms-and-conditions\\\/\"]}]},{\"@type\":\"BreadcrumbList\",\"@id\":\"https:\\\/\\\/shop.creativitycatcher.com\\\/en\\\/terms-and-conditions\\\/#breadcrumb\",\"itemListElement\":[{\"@type\":\"ListItem\",\"position\":1,\"name\":\"Home\",\"item\":\"https:\\\/\\\/shop.creativitycatcher.com\\\/en\\\/\"},{\"@type\":\"ListItem\",\"position\":2,\"name\":\"Terms and conditions\"}]},{\"@type\":\"WebSite\",\"@id\":\"https:\\\/\\\/shop.creativitycatcher.com\\\/en\\\/#website\",\"url\":\"https:\\\/\\\/shop.creativitycatcher.com\\\/en\\\/\",\"name\":\"Creativity Catcher Shop\",\"description\":\"Inspireerivad visualiseerimise materjalid\",\"potentialAction\":[{\"@type\":\"SearchAction\",\"target\":{\"@type\":\"EntryPoint\",\"urlTemplate\":\"https:\\\/\\\/shop.creativitycatcher.com\\\/en\\\/?s={search_term_string}\"},\"query-input\":{\"@type\":\"PropertyValueSpecification\",\"valueRequired\":true,\"valueName\":\"search_term_string\"}}],\"inLanguage\":\"en-US\"}]}<\/script>\n<!-- \/ Yoast SEO plugin. -->","yoast_head_json":{"title":"Terms and conditions - Creativity Catcher Shop","robots":{"index":"index","follow":"follow","max-snippet":"max-snippet:-1","max-image-preview":"max-image-preview:large","max-video-preview":"max-video-preview:-1"},"canonical":"https:\/\/shop.creativitycatcher.com\/en\/terms-and-conditions\/","og_locale":"en_US","og_type":"article","og_title":"Terms and conditions - Creativity Catcher Shop","og_description":"\u00dcldised m\u00fc\u00fcgitingimused 1.1 M\u00fc\u00fcgitingimused kehtivad shop.creativitycatcher.com veebipoes ostja (edaspidi Ostja) ning ettev\u00f5tte Creativity Catcher O\u00dc (edaspidi Veebipood) vahel kaupade ja teenuste ostmisel. 1.2 Lisaks k\u00e4esoleval lehel kirjas olevatele tingimustele reguleerib Ostja ja Veebipoe vahelisi suhteid Eesti Vabariigis kehtiv V\u00f5la\u00f5igusseadus (edaspidi V\u00d5S), Tarbijakaitseseadus (edaspidi TKS) ja teised olulised \u00f5igusaktid. 1.3 Veebipood on isikuandmete vastutav t\u00f6\u00f6tleja, Veebipood [...]","og_url":"https:\/\/shop.creativitycatcher.com\/en\/terms-and-conditions\/","og_site_name":"Creativity Catcher Shop","article_publisher":"https:\/\/www.facebook.com\/CreativityCatcher","article_modified_time":"2021-08-19T14:46:31+00:00","og_image":[{"width":1200,"height":630,"url":"https:\/\/shop.creativitycatcher.com\/wp-content\/uploads\/2021\/10\/creativity-catcher-fb-cover-211019.jpg","type":"image\/jpeg"}],"twitter_card":"summary_large_image","twitter_misc":{"Est. reading time":"2 minutes"},"schema":{"@context":"https:\/\/schema.org","@graph":[{"@type":"WebPage","@id":"https:\/\/shop.creativitycatcher.com\/en\/terms-and-conditions\/","url":"https:\/\/shop.creativitycatcher.com\/en\/terms-and-conditions\/","name":"Terms and conditions - Creativity Catcher Shop","isPartOf":{"@id":"https:\/\/shop.creativitycatcher.com\/en\/#website"},"datePublished":"2021-08-19T14:37:22+00:00","dateModified":"2021-08-19T14:46:31+00:00","breadcrumb":{"@id":"https:\/\/shop.creativitycatcher.com\/en\/terms-and-conditions\/#breadcrumb"},"inLanguage":"en-US","potentialAction":[{"@type":"ReadAction","target":["https:\/\/shop.creativitycatcher.com\/en\/terms-and-conditions\/"]}]},{"@type":"BreadcrumbList","@id":"https:\/\/shop.creativitycatcher.com\/en\/terms-and-conditions\/#breadcrumb","itemListElement":[{"@type":"ListItem","position":1,"name":"Home","item":"https:\/\/shop.creativitycatcher.com\/en\/"},{"@type":"ListItem","position":2,"name":"Terms and conditions"}]},{"@type":"WebSite","@id":"https:\/\/shop.creativitycatcher.com\/en\/#website","url":"https:\/\/shop.creativitycatcher.com\/en\/","name":"Creativity Catcher Shop","description":"Inspireerivad visualiseerimise materjalid","potentialAction":[{"@type":"SearchAction","target":{"@type":"EntryPoint","urlTemplate":"https:\/\/shop.creativitycatcher.com\/en\/?s={search_term_string}"},"query-input":{"@type":"PropertyValueSpecification","valueRequired":true,"valueName":"search_term_string"}}],"inLanguage":"en-US"}]}},"_links":{"self":[{"href":"https:\/\/shop.creativitycatcher.com\/en\/wp-json\/wp\/v2\/pages\/2111","targetHints":{"allow":["GET"]}}],"collection":[{"href":"https:\/\/shop.creativitycatcher.com\/en\/wp-json\/wp\/v2\/pages"}],"about":[{"href":"https:\/\/shop.creativitycatcher.com\/en\/wp-json\/wp\/v2\/types\/page"}],"author":[{"embeddable":true,"href":"https:\/\/shop.creativitycatcher.com\/en\/wp-json\/wp\/v2\/users\/1"}],"replies":[{"embeddable":true,"href":"https:\/\/shop.creativitycatcher.com\/en\/wp-json\/wp\/v2\/comments?post=2111"}],"version-history":[{"count":2,"href":"https:\/\/shop.creativitycatcher.com\/en\/wp-json\/wp\/v2\/pages\/2111\/revisions"}],"predecessor-version":[{"id":2114,"href":"https:\/\/shop.creativitycatcher.com\/en\/wp-json\/wp\/v2\/pages\/2111\/revisions\/2114"}],"wp:attachment":[{"href":"https:\/\/shop.creativitycatcher.com\/en\/wp-json\/wp\/v2\/media?parent=2111"}],"curies":[{"name":"wp","href":"https:\/\/api.w.org\/{rel}","templated":true}]}}